{"id":9,"date":"2022-03-21T21:00:46","date_gmt":"2022-03-21T21:00:46","guid":{"rendered":"https:\/\/pontechingon.mx\/?page_id=9"},"modified":"2022-04-22T10:19:47","modified_gmt":"2022-04-22T10:19:47","slug":"elementor-9","status":"publish","type":"page","link":"https:\/\/pontechingon.mx\/","title":{"rendered":"Elementor #9"},"content":{"rendered":"\t\t<div data-elementor-type=\"wp-page\" data-elementor-id=\"9\" class=\"elementor elementor-9\">\n\t\t\t\t\t\t<section class=\"elementor-section elementor-top-section elementor-element elementor-element-e629b12 elementor-section-full_width elementor-section-height-min-height elementor-section-height-default elementor-section-items-middle\" data-id=\"e629b12\" data-element_type=\"section\" data-e-type=\"section\" data-settings=\"{&quot;background_background&quot;:&quot;classic&quot;}\">\n\t\t\t\t\t\t<div class=\"elementor-container elementor-column-gap-default\">\n\t\t\t\t\t<div class=\"elementor-column elementor-col-100 elementor-top-column elementor-element elementor-element-83c444c\" data-id=\"83c444c\" data-element_type=\"column\" data-e-type=\"column\">\n\t\t\t<div class=\"elementor-widget-wrap elementor-element-populated\">\n\t\t\t\t\t\t<div class=\"elementor-element elementor-element-c34acfa elementor-view-default elementor-widget elementor-widget-icon\" data-id=\"c34acfa\" data-element_type=\"widget\" data-e-type=\"widget\" data-widget_type=\"icon.default\">\n\t\t\t\t<div class=\"elementor-widget-container\">\n\t\t\t\t\t\t\t<div class=\"elementor-icon-wrapper\">\n\t\t\t<div class=\"elementor-icon\">\n\t\t\t<svg xmlns=\"http:\/\/www.w3.org\/2000\/svg\" width=\"240\" height=\"162\" viewBox=\"0 0 240 162\" fill=\"none\"><path d=\"M16.3 36.6C16.71 36.63 16.86 36.5 16.88 36.08C17.15 31.92 32.32 8.15 65.01 10.27C73.46 10.82 86.88 14.05 86.31 22.91C85.49 35.52 63.12 50.2 52.87 49.54C52.3 49.5 51.93 49.43 51.67 49.34C56.47 38.9 60.74 29.38 60.95 27.1C61.23 24.75 55.75 20.2 52.75 19.87C52.1 19.83 51.96 19.95 51.94 20.21C51.91 20.6 52.3 20.76 52.13 21.4C51.61 27.28 28.64 67.81 27.87 75.51C27.5 79.16 33.63 84.02 35.84 84.3C37.15 84.38 38.1 83.92 38.29 83.01C38.31 82.62 37.92 82.59 38.04 80.76C38.27 78.22 44.47 64.94 50.36 52.17C50.97 55.17 53.2 59.98 58.71 60.33C69.65 61.04 91.66 43.27 92.79 25.82C93.32 17.65 88.73 2.61 62.41 0.899999C29.58 -1.23 12.34 15.88 11.67 26.27C11.32 31.83 14.08 36.46 16.3 36.6ZM74.78 64.79C73.78 71.38 75.92 78.01 83.98 79.24C97.7 81.33 111.33 61.53 112.69 53.13C114.82 51.94 116.88 50.72 118.64 49.75C115.25 55.9 108.4 66.92 108.34 71.57C108.29 75.41 112.91 78.77 114.42 78.79C114.83 78.8 115.38 78.67 115.39 78.12C115.4 77.71 115.26 77.84 115.27 77.16C115.29 75.64 119.24 68.98 122.78 62.58C128.48 56.73 136.89 49.06 137.91 49.1C138.19 49.11 138.32 49.4 138.31 49.82C138.18 53.21 126.95 65.62 126.68 72.53C126.52 76.48 128.81 79.54 132.61 79.69C134.69 79.77 140.1 74.57 145.57 68.66C144.24 71.28 143.38 73.53 143.27 75.16C143.06 77.98 146.19 80.92 148.88 81.12C150.43 81.24 158.85 74.12 162.87 70.65C163.37 76.68 167.34 81.83 174.96 82.99C186.76 84.79 201.23 76.3 202.39 68.71C202.72 66.54 199.92 63.06 197.61 62.71C197.21 62.65 197.05 62.76 197.03 62.9C196.99 63.17 197.14 63.06 197.06 63.6C196.75 65.64 184.24 79.41 174.76 77.97C171.91 77.54 169.96 75.71 170.52 72.05C170.82 70.06 171.95 67.46 173.55 64.78C173.75 66.54 175.47 67.94 178.98 68.47C184.67 69.34 193.72 64.61 194.96 56.47C195.83 50.77 192.81 46.01 187.25 45.16C175.85 43.42 164.33 58.05 163.01 66.73C162.93 67.26 162.88 67.79 162.85 68.31C159.38 71.22 153.81 75.81 153.28 75.77C153.16 75.76 153.03 75.75 153.06 75.24C153.34 71.44 170.27 50.43 175.69 40.46C179.89 39.83 183.81 39.47 186.67 39.82C188.62 40.06 189.53 40.66 190.02 40.72C190.31 40.75 190.43 40.57 190.48 40.18C190.62 39.01 189.26 37.16 185.46 36.7C183.64 36.48 180.62 36.78 177.11 37.33C177.23 36.95 177.32 36.6 177.34 36.31C177.78 30.29 173.56 26.36 170.62 26.15C169.85 26.09 169.57 26.33 169.55 26.72C169.51 27.23 169.91 27 169.75 29.18C169.61 31.05 167.34 34.96 164.2 39.77C157.97 41.05 152.48 42.19 150.82 41.99C150.04 41.9 150.07 41.7 149.87 41.68C149.77 41.67 149.66 41.75 149.63 42.04C149.56 42.62 150.24 43.6 152.67 43.89C154.58 44.12 158.04 43.61 162.14 42.87C159.34 47.04 156.13 51.66 153.15 56.15C146.62 63.84 137.89 73.83 136.67 73.78C136.39 73.77 136.11 73.62 136.13 73.05C136.31 68.68 149.17 53.93 149.32 50.26C149.41 47.86 146.6 44.08 143.92 43.97C139.03 43.78 132.03 49.72 126.64 55.22C127.63 53.12 128.26 51.42 128.27 50.45C128.3 48.12 125.48 43.83 121.5 43.77C121.09 43.76 120.4 44.03 120.39 44.44C120.39 44.82 120.5 44.74 120.51 45.46C118.44 46.44 115.73 48.06 112.95 49.7C112.84 44.44 110.07 41.69 105.41 40.98C104.69 40.87 104.06 40.92 103.59 41.1C102.06 40.89 99.83 42.1 98.02 44.27C97.3 43.72 96.41 43.51 95.9 43.43C89.29 42.41 76.75 51.89 74.78 64.79ZM189.14 51.81C189.69 51.89 189.87 52.48 189.77 53.16C189.28 56.41 182.6 64.7 174.74 63.5C174.61 63.48 174.49 63.45 174.39 63.41C178.44 57.22 184.73 51.14 189.14 51.81ZM104.15 43.94C104.6 44.01 104.85 43.92 105.02 43.71C105.74 44.23 106.4 45.27 106.15 46.92C105.87 48.79 104.87 51.6 103.39 54.72C102.43 55.06 101.63 55.22 101.06 55.13C99.16 54.84 98.18 54 98.45 52.23C98.92 49.12 101.57 43.55 104.15 43.94ZM95.08 50.62C95.07 50.66 95.06 50.7 95.05 50.74C94.14 56.71 98.43 57.78 99.51 57.94C100.18 58.04 100.95 58 101.78 57.86C97.33 66.03 90.34 74.8 84.49 73.91C84.05 73.84 81.43 73.29 82.13 68.75C83.09 62.44 90.1 52.97 95.08 50.62ZM160.04 103.03C160.05 103.03 160.05 103.03 160.05 103.03L160.07 101.84L160.04 103.03ZM225.5 126.54C224.57 126.45 224.67 125.38 224.68 125.24C225.23 119.77 238.97 102.14 239.08 101.08C239.29 98.94 236.28 95.41 234.55 95.24C230.91 94.88 222.15 102.71 215.99 108.71C219.1 103.14 220.89 101.1 220.95 100.49C221.12 98.76 217.16 95.26 214.9 95.04C214.81 95.03 214.62 95.23 214.35 95.6C212.78 96.8 208.52 99.99 204.32 102.62C203.99 98.3 201.9 95.61 199.58 94.33C199.11 93.72 197.97 93.42 197.26 93.35C196.46 93.27 195.04 94.17 193.71 95.68C193.01 94.81 191.97 94.09 190.55 93.95C185.69 93.47 172.76 105.64 171.81 115.21C170.98 123.52 176.77 127.43 181.79 127.92C192.69 129.01 202.91 115.59 204.21 106.2C206.52 104.8 208.79 103.12 210.74 101.55C206.69 108.7 201.17 119.4 201 121.14C200.73 123.81 205.18 126.54 206.51 126.67C207.04 126.72 210.26 119.98 213.06 114.37C220.41 106.42 232.07 97.25 231.99 98.08C231.82 99.81 220.32 112.41 219.51 120.55C218.98 125.89 221.93 128.74 225.13 129.06C228.33 129.38 229.92 125.63 230.05 124.3C230.08 124.03 230.09 123.9 229.96 123.89C229.55 123.85 227.24 126.72 225.5 126.54ZM180.18 123.32C179.55 123.26 177.73 122.44 178.01 119.62C178.79 111.84 185.86 105.52 190.59 101.9C190.53 102.2 190.49 102.5 190.46 102.8C189.94 107.98 194.26 109.2 195.04 109.27C195.16 109.28 195.28 109.28 195.4 109.29C191.75 116.4 185.8 123.88 180.18 123.32ZM196.79 106.34C196.29 106.46 195.84 106.52 195.47 106.48C194.53 106.39 193.96 105.7 194.04 104.91C194.39 101.37 196.9 98.49 198.49 96.72C198.8 97.4 198.98 98.29 198.86 99.53C198.69 101.21 197.95 103.65 196.79 106.34ZM102.23 81.04C101.29 80.97 97.6 89.69 97.42 92.04C97.24 94.4 101.65 98.54 103.53 98.69C104.16 98.74 108.84 89.46 108.89 88.68C109.15 85.54 104.75 81.24 102.23 81.04ZM186.54 130.41C178.16 130.04 167.71 132.07 156.51 135.09C165.69 120.36 173.95 104.38 173.98 104C174.04 102.99 170.63 97.44 168.62 97.32C168.34 97.3 168.04 97.43 167.88 97.56C166.92 98.41 165.12 101.41 162.79 105.61C162.63 105.61 162.52 105.6 162.52 105.6C162.52 105.6 144.02 126.34 141.86 126.29C141.43 126.28 140.71 125.98 140.75 124.68C140.88 119.06 155.01 100.52 160.05 100.64C161.63 100.68 161.6 101.83 162.61 101.85C162.9 101.86 163.19 101.58 163.2 101.14C163.25 98.98 157.3 94.95 153.4 94.86C150.95 94.8 143.79 101.65 138.79 109.24C132.92 115.98 125.8 125.17 125.83 124.77C126.03 122.25 135.75 107.05 135.96 104.38C136.1 102.5 132.28 98.88 130.24 98.72C126.42 98.42 119.78 105.15 114.57 111.22C116.85 107.27 118.16 105.62 118.2 105.05C118.36 103.01 113.62 99 110.95 98.79C110.1 98.72 102.64 112.15 99.08 119.85C95.51 123.75 90.14 130.33 90.18 129.88C90.42 126.74 101.62 106.91 101.79 104.71C101.96 102.51 98.19 98.26 95.36 98.04C94.42 97.96 94.25 98.11 94.24 98.27C94.18 99.06 94.5 98.92 94.43 99.86C94.35 100.88 88.08 111.12 84.39 119.73C78.78 125.87 73.47 131.39 73.49 131.09C73.69 128.58 83.41 113.38 83.62 110.71C83.77 108.82 79.94 105.2 77.9 105.04C74.46 104.77 68.46 110.14 63.28 115.59C67.82 105.92 75.45 90.2 75.52 89.51C75.72 87.79 71.38 82.69 69.34 82.46C67.78 82.28 68.07 82.48 44.85 134.39C44.49 137.52 49.53 140.64 51.1 140.82C51.76 140.89 56.56 130.22 59.95 122.79C66.36 116.06 74.82 107.96 74.75 108.75C74.59 110.79 64.89 125.68 64.46 131.18C64.22 134.32 68.24 137.48 70.91 137.69C72.62 137.83 77.07 133.45 81.77 128.18C81.77 128.21 81.76 128.24 81.76 128.27C81.55 130.94 86.02 134.45 88.53 134.65C89.54 134.73 93.84 129.7 97.26 125.49C97.79 128.36 102.37 131 103.82 131.11C104.49 131.16 107.2 125.54 110.08 119.73C116.14 112.72 127.17 101.51 127.1 102.42C126.94 104.46 117.23 119.35 116.81 124.85C116.56 127.99 120.58 131.15 123.25 131.36C124.01 131.42 127.15 126.68 134.33 118.1C133.89 119.49 133.63 120.83 133.61 122.05C133.52 125.65 138.9 129.81 141.64 129.87C143.51 129.91 152.83 119.64 159.07 112.46C154.76 120.51 149.55 130.38 144.66 138.52C139.59 140.08 134.48 141.74 129.42 143.38C130.07 134.66 132.35 133.27 132.41 132.29C132.46 131.43 129.92 130.55 127.76 130.41C126.61 130.34 125.45 130.56 124.99 130.96C122.39 133.25 121.52 137.96 121.33 141.12C121.22 142.89 121.25 144.5 121.4 145.97C105.32 151.14 90.48 155.49 80.73 155.06C76.8 154.89 73.93 151.92 74.09 148.3C74.41 141.06 76.28 141.61 76.32 140.51C76.33 140.35 76.18 140.19 75.55 140.16C73.34 140.06 69.73 143.37 69.62 145.89C69.51 148.41 73.83 161.22 86.59 161.78C94.47 162.13 108.18 157.98 123.45 152.85C126.15 157.63 130.92 159.32 135.2 159.59C138.74 159.81 144.78 152.69 151.07 143.48C166.52 138.42 181 134.4 190.32 134.81C191.9 134.88 192.79 136.02 192.74 137.28C192.51 142.48 180.61 147.63 180.6 147.95C180.6 148.11 180.74 148.27 181.06 148.29C182.63 148.36 194.87 142.75 195.1 137.55C195.25 133.31 192.05 130.65 186.54 130.41ZM131.18 154.32C130.41 154.27 129.76 153.2 129.44 150.84C132.5 149.79 135.6 148.72 138.71 147.66C135.67 151.81 133.02 154.43 131.18 154.32ZM44.38 123.46C45.32 123.54 50.29 116.65 50.99 107.7C51.63 99.53 48.36 90.89 35.63 89.9C20.55 88.72 2.25002 106.41 0.200024 132.49C-1.54998 154.8 16.29 157.15 20.06 157.44C29.64 158.19 40.78 149.26 41.01 146.28C41.1 145.18 38.15 142.42 35.8 142.23C34.7 142.14 27.11 154.35 20.19 153.81C13.75 153.3 10.59 147.21 11.46 136.21C12.68 120.66 28.1 97.36 39.57 98.26C39.88 98.28 40.65 98.66 40.57 99.6C39.93 107.77 36.49 113.35 36.38 114.76C36.06 118.7 42.65 123.32 44.38 123.46ZM198.09 82.9C196.47 84.86 196.1 89.94 196.99 90.71C197.29 90.97 205.71 84.59 206.25 83.93C208.41 81.31 208.88 76.11 207.7 75.08C207.25 74.69 199.7 80.93 198.09 82.9Z\" fill=\"white\"><\/path><\/svg>\t\t\t<\/div>\n\t\t<\/div>\n\t\t\t\t\t\t<\/div>\n\t\t\t\t<\/div>\n\t\t\t\t<div class=\"elementor-element elementor-element-8f98ace elementor-widget elementor-widget-spacer\" data-id=\"8f98ace\" data-element_type=\"widget\" data-e-type=\"widget\" data-widget_type=\"spacer.default\">\n\t\t\t\t<div class=\"elementor-widget-container\">\n\t\t\t\t\t\t\t<div class=\"elementor-spacer\">\n\t\t\t<div class=\"elementor-spacer-inner\"><\/div>\n\t\t<\/div>\n\t\t\t\t\t\t<\/div>\n\t\t\t\t<\/div>\n\t\t\t\t\t<\/div>\n\t\t<\/div>\n\t\t\t\t\t<\/div>\n\t\t<\/section>\n\t\t\t\t<section class=\"elementor-section elementor-top-section elementor-element elementor-element-0535b33 elementor-section-full_width elementor-section-height-min-height elementor-section-height-default elementor-section-items-middle\" data-id=\"0535b33\" data-element_type=\"section\" data-e-type=\"section\" data-settings=\"{&quot;background_background&quot;:&quot;classic&quot;}\">\n\t\t\t\t\t\t<div class=\"elementor-container elementor-column-gap-default\">\n\t\t\t\t\t<div class=\"elementor-column elementor-col-100 elementor-top-column elementor-element elementor-element-eba76d7\" data-id=\"eba76d7\" data-element_type=\"column\" data-e-type=\"column\">\n\t\t\t<div class=\"elementor-widget-wrap elementor-element-populated\">\n\t\t\t\t\t\t<div class=\"elementor-element elementor-element-ec0cf40 elementor-widget elementor-widget-heading\" data-id=\"ec0cf40\" data-element_type=\"widget\" data-e-type=\"widget\" data-widget_type=\"heading.default\">\n\t\t\t\t<div class=\"elementor-widget-container\">\n\t\t\t\t\t<h2 class=\"elementor-heading-title elementor-size-default\">PASI\u00d3N QUE SE HEREDA.<\/h2>\t\t\t\t<\/div>\n\t\t\t\t<\/div>\n\t\t\t\t<div class=\"elementor-element elementor-element-8df4c69 elementor-widget elementor-widget-text-editor\" data-id=\"8df4c69\" data-element_type=\"widget\" data-e-type=\"widget\" data-widget_type=\"text-editor.default\">\n\t\t\t\t<div class=\"elementor-widget-container\">\n\t\t\t\t\t\t\t\t\t<p>La marca esta inspirada en la \u00e9poca de oro del cine mexicano (30&#8217;s y 40&#8217;s). Ponte Ching\u00f3n significa \u00abSer el mejor en Algo\u00bb en el slang Mexicano.<\/p><p>Tratamos de capturar la esencia de las celebraciones y de las tradiciones oaxaque\u00f1as de los peque\u00f1os pueblos. Este es cl\u00e1sico mezcal espad\u00edn ahumando, con sabores a tierra mojada, picante y dulce al paladar.<\/p>\t\t\t\t\t\t\t\t<\/div>\n\t\t\t\t<\/div>\n\t\t\t\t<div class=\"elementor-element elementor-element-12eb9e6 elementor-align-center elementor-widget elementor-widget-button\" data-id=\"12eb9e6\" data-element_type=\"widget\" data-e-type=\"widget\" data-widget_type=\"button.default\">\n\t\t\t\t<div class=\"elementor-widget-container\">\n\t\t\t\t\t\t\t\t\t<div class=\"elementor-button-wrapper\">\n\t\t\t\t\t<a class=\"elementor-button elementor-button-link elementor-size-sm\" href=\"https:\/\/elixirdeagave.mx\/tienda\/\">\n\t\t\t\t\t\t<span class=\"elementor-button-content-wrapper\">\n\t\t\t\t\t\t\t\t\t<span class=\"elementor-button-text\">Para ir a la TIENDA haz clic aqu\u00ed<\/span>\n\t\t\t\t\t<\/span>\n\t\t\t\t\t<\/a>\n\t\t\t\t<\/div>\n\t\t\t\t\t\t\t\t<\/div>\n\t\t\t\t<\/div>\n\t\t\t\t\t<\/div>\n\t\t<\/div>\n\t\t\t\t\t<\/div>\n\t\t<\/section>\n\t\t\t\t<section class=\"elementor-section elementor-top-section elementor-element elementor-element-6beff20 elementor-section-full_width elementor-reverse-mobile elementor-section-height-default elementor-section-height-default\" data-id=\"6beff20\" data-element_type=\"section\" data-e-type=\"section\">\n\t\t\t\t\t\t<div class=\"elementor-container elementor-column-gap-default\">\n\t\t\t\t\t<div class=\"elementor-column elementor-col-50 elementor-top-column elementor-element elementor-element-943d033\" data-id=\"943d033\" data-element_type=\"column\" data-e-type=\"column\" data-settings=\"{&quot;background_background&quot;:&quot;classic&quot;}\">\n\t\t\t<div class=\"elementor-widget-wrap elementor-element-populated\">\n\t\t\t\t\t\t<div class=\"elementor-element elementor-element-02e3889 elementor-widget elementor-widget-heading\" data-id=\"02e3889\" data-element_type=\"widget\" data-e-type=\"widget\" data-widget_type=\"heading.default\">\n\t\t\t\t<div class=\"elementor-widget-container\">\n\t\t\t\t\t<h2 class=\"elementor-heading-title elementor-size-default\">ESPAD\u00cdN<\/h2>\t\t\t\t<\/div>\n\t\t\t\t<\/div>\n\t\t\t\t<div class=\"elementor-element elementor-element-04f0bf0 elementor-icon-list--layout-traditional elementor-list-item-link-full_width elementor-widget elementor-widget-icon-list\" data-id=\"04f0bf0\" data-element_type=\"widget\" data-e-type=\"widget\" data-widget_type=\"icon-list.default\">\n\t\t\t\t<div class=\"elementor-widget-container\">\n\t\t\t\t\t\t\t<ul class=\"elementor-icon-list-items\">\n\t\t\t\t\t\t\t<li class=\"elementor-icon-list-item\">\n\t\t\t\t\t\t\t\t\t\t\t<span class=\"elementor-icon-list-icon\">\n\t\t\t\t\t\t\t<i aria-hidden=\"true\" class=\"fas fa-diagnoses\"><\/i>\t\t\t\t\t\t<\/span>\n\t\t\t\t\t\t\t\t\t\t<span class=\"elementor-icon-list-text\">MAESTRO MEZCALERO: Jordan Velasco<\/span>\n\t\t\t\t\t\t\t\t\t<\/li>\n\t\t\t\t\t\t\t\t<li class=\"elementor-icon-list-item\">\n\t\t\t\t\t\t\t\t\t\t\t<span class=\"elementor-icon-list-icon\">\n\t\t\t\t\t\t\t<i aria-hidden=\"true\" class=\"fas fa-search-location\"><\/i>\t\t\t\t\t\t<\/span>\n\t\t\t\t\t\t\t\t\t\t<span class=\"elementor-icon-list-text\">REGI\u00d3N: Mahuatl\u00e1n de Porfirio D\u00edaz<\/span>\n\t\t\t\t\t\t\t\t\t<\/li>\n\t\t\t\t\t\t\t\t<li class=\"elementor-icon-list-item\">\n\t\t\t\t\t\t\t\t\t\t\t<span class=\"elementor-icon-list-icon\">\n\t\t\t\t\t\t\t<i aria-hidden=\"true\" class=\"fab fa-phabricator\"><\/i>\t\t\t\t\t\t<\/span>\n\t\t\t\t\t\t\t\t\t\t<span class=\"elementor-icon-list-text\">CATEGOR\u00cdA: Jov\u00e9n<\/span>\n\t\t\t\t\t\t\t\t\t<\/li>\n\t\t\t\t\t\t\t\t<li class=\"elementor-icon-list-item\">\n\t\t\t\t\t\t\t\t\t\t\t<span class=\"elementor-icon-list-icon\">\n\t\t\t\t\t\t\t<i aria-hidden=\"true\" class=\"fas fa-leaf\"><\/i>\t\t\t\t\t\t<\/span>\n\t\t\t\t\t\t\t\t\t\t<span class=\"elementor-icon-list-text\">TIPO DE AGAVE: Espad\u00edn (angustfolia).<\/span>\n\t\t\t\t\t\t\t\t\t<\/li>\n\t\t\t\t\t\t\t\t<li class=\"elementor-icon-list-item\">\n\t\t\t\t\t\t\t\t\t\t\t<span class=\"elementor-icon-list-icon\">\n\t\t\t\t\t\t\t<i aria-hidden=\"true\" class=\"fas fa-chevron-down\"><\/i>\t\t\t\t\t\t<\/span>\n\t\t\t\t\t\t\t\t\t\t<span class=\"elementor-icon-list-text\">TIPO DE HORNO: Horno C\u00f3nico de tierra.<\/span>\n\t\t\t\t\t\t\t\t\t<\/li>\n\t\t\t\t\t\t\t\t<li class=\"elementor-icon-list-item\">\n\t\t\t\t\t\t\t\t\t\t\t<span class=\"elementor-icon-list-icon\">\n\t\t\t\t\t\t\t<i aria-hidden=\"true\" class=\"fas fa-circle\"><\/i>\t\t\t\t\t\t<\/span>\n\t\t\t\t\t\t\t\t\t\t<span class=\"elementor-icon-list-text\">TIPO DE MOLIENDA: Molino con tahona de piedra.<\/span>\n\t\t\t\t\t\t\t\t\t<\/li>\n\t\t\t\t\t\t\t\t<li class=\"elementor-icon-list-item\">\n\t\t\t\t\t\t\t\t\t\t\t<span class=\"elementor-icon-list-icon\">\n\t\t\t\t\t\t\t<i aria-hidden=\"true\" class=\"far fa-clock\"><\/i>\t\t\t\t\t\t<\/span>\n\t\t\t\t\t\t\t\t\t\t<span class=\"elementor-icon-list-text\">FERMENTACI\u00d3N: Tinas de madera de Sabino y agua de r\u00edo.<\/span>\n\t\t\t\t\t\t\t\t\t<\/li>\n\t\t\t\t\t\t\t\t<li class=\"elementor-icon-list-item\">\n\t\t\t\t\t\t\t\t\t\t\t<span class=\"elementor-icon-list-icon\">\n\t\t\t\t\t\t\t<i aria-hidden=\"true\" class=\"fas fa-file-medical-alt\"><\/i>\t\t\t\t\t\t<\/span>\n\t\t\t\t\t\t\t\t\t\t<span class=\"elementor-icon-list-text\">DESTILACI\u00d3N: Doble destilaci\u00f3n en alambique de cobre.<\/span>\n\t\t\t\t\t\t\t\t\t<\/li>\n\t\t\t\t\t\t\t\t<li class=\"elementor-icon-list-item\">\n\t\t\t\t\t\t\t\t\t\t\t<span class=\"elementor-icon-list-icon\">\n\t\t\t\t\t\t\t<i aria-hidden=\"true\" class=\"fas fa-percent\"><\/i>\t\t\t\t\t\t<\/span>\n\t\t\t\t\t\t\t\t\t\t<span class=\"elementor-icon-list-text\">RIQUEZA ALC\u00d3HOLICA: 43% alc. vol.<\/span>\n\t\t\t\t\t\t\t\t\t<\/li>\n\t\t\t\t\t\t<\/ul>\n\t\t\t\t\t\t<\/div>\n\t\t\t\t<\/div>\n\t\t\t\t\t<\/div>\n\t\t<\/div>\n\t\t\t\t<div class=\"elementor-column elementor-col-50 elementor-top-column elementor-element elementor-element-1b7f0fc\" data-id=\"1b7f0fc\" data-element_type=\"column\" data-e-type=\"column\">\n\t\t\t<div class=\"elementor-widget-wrap elementor-element-populated\">\n\t\t\t\t\t\t<div class=\"elementor-element elementor-element-c1f4c5e elementor-widget elementor-widget-image\" data-id=\"c1f4c5e\" data-element_type=\"widget\" data-e-type=\"widget\" data-widget_type=\"image.default\">\n\t\t\t\t<div class=\"elementor-widget-container\">\n\t\t\t\t\t\t\t\t\t\t\t\t\t\t\t<img fetchpriority=\"high\" decoding=\"async\" width=\"800\" height=\"800\" src=\"https:\/\/pontechingon.mx\/wp-content\/uploads\/2022\/03\/pc-espadin.jpeg\" class=\"attachment-large size-large wp-image-56\" alt=\"\" srcset=\"https:\/\/pontechingon.mx\/wp-content\/uploads\/2022\/03\/pc-espadin.jpeg 1000w, https:\/\/pontechingon.mx\/wp-content\/uploads\/2022\/03\/pc-espadin-300x300.jpeg 300w, https:\/\/pontechingon.mx\/wp-content\/uploads\/2022\/03\/pc-espadin-150x150.jpeg 150w, https:\/\/pontechingon.mx\/wp-content\/uploads\/2022\/03\/pc-espadin-768x768.jpeg 768w\" sizes=\"(max-width: 800px) 100vw, 800px\" \/>\t\t\t\t\t\t\t\t\t\t\t\t\t\t\t<\/div>\n\t\t\t\t<\/div>\n\t\t\t\t\t<\/div>\n\t\t<\/div>\n\t\t\t\t\t<\/div>\n\t\t<\/section>\n\t\t\t\t<section class=\"elementor-section elementor-top-section elementor-element elementor-element-4c902e0 elementor-section-full_width elementor-section-height-min-height elementor-section-height-default elementor-section-items-middle\" data-id=\"4c902e0\" data-element_type=\"section\" data-e-type=\"section\" data-settings=\"{&quot;background_background&quot;:&quot;classic&quot;}\">\n\t\t\t\t\t\t<div class=\"elementor-container elementor-column-gap-default\">\n\t\t\t\t\t<div class=\"elementor-column elementor-col-100 elementor-top-column elementor-element elementor-element-224bb35\" data-id=\"224bb35\" data-element_type=\"column\" data-e-type=\"column\">\n\t\t\t<div class=\"elementor-widget-wrap elementor-element-populated\">\n\t\t\t\t\t\t<div class=\"elementor-element elementor-element-6aefcee elementor-widget elementor-widget-heading\" data-id=\"6aefcee\" data-element_type=\"widget\" data-e-type=\"widget\" data-widget_type=\"heading.default\">\n\t\t\t\t<div class=\"elementor-widget-container\">\n\t\t\t\t\t<h2 class=\"elementor-heading-title elementor-size-default\">\"Pasi\u00f3n que se Hereda.\"<\/h2>\t\t\t\t<\/div>\n\t\t\t\t<\/div>\n\t\t\t\t\t<\/div>\n\t\t<\/div>\n\t\t\t\t\t<\/div>\n\t\t<\/section>\n\t\t\t\t<section class=\"elementor-section elementor-top-section elementor-element elementor-element-e1ac27c elementor-section-boxed elementor-section-height-default elementor-section-height-default\" data-id=\"e1ac27c\" data-element_type=\"section\" data-e-type=\"section\">\n\t\t\t\t\t\t<div class=\"elementor-container elementor-column-gap-default\">\n\t\t\t\t\t<div class=\"elementor-column elementor-col-50 elementor-top-column elementor-element elementor-element-c57d4ac\" data-id=\"c57d4ac\" data-element_type=\"column\" data-e-type=\"column\">\n\t\t\t<div class=\"elementor-widget-wrap elementor-element-populated\">\n\t\t\t\t\t\t<div class=\"elementor-element elementor-element-597e1c6 elementor-widget elementor-widget-heading\" data-id=\"597e1c6\" data-element_type=\"widget\" data-e-type=\"widget\" data-widget_type=\"heading.default\">\n\t\t\t\t<div class=\"elementor-widget-container\">\n\t\t\t\t\t<h2 class=\"elementor-heading-title elementor-size-default\">Mandanos tus dudas...<\/h2>\t\t\t\t<\/div>\n\t\t\t\t<\/div>\n\t\t\t\t<div class=\"elementor-element elementor-element-ed81ce5 elementor-widget elementor-widget-text-editor\" data-id=\"ed81ce5\" data-element_type=\"widget\" data-e-type=\"widget\" data-widget_type=\"text-editor.default\">\n\t\t\t\t<div class=\"elementor-widget-container\">\n\t\t\t\t\t\t\t\t\t<p>Env\u00edanos un mensaje por nuestra forma de contacto&#8230;<\/p>\t\t\t\t\t\t\t\t<\/div>\n\t\t\t\t<\/div>\n\t\t\t\t\t<\/div>\n\t\t<\/div>\n\t\t\t\t<div class=\"elementor-column elementor-col-50 elementor-top-column elementor-element elementor-element-054040a\" data-id=\"054040a\" data-element_type=\"column\" data-e-type=\"column\">\n\t\t\t<div class=\"elementor-widget-wrap elementor-element-populated\">\n\t\t\t\t\t\t<div class=\"elementor-element elementor-element-c7d4fb2 elementor-widget elementor-widget-shortcode\" data-id=\"c7d4fb2\" data-element_type=\"widget\" data-e-type=\"widget\" data-widget_type=\"shortcode.default\">\n\t\t\t\t<div class=\"elementor-widget-container\">\n\t\t\t\t\t\t\t<div class=\"elementor-shortcode\">\n<div class=\"wpcf7 no-js\" id=\"wpcf7-f45-o1\" lang=\"es-ES\" dir=\"ltr\" data-wpcf7-id=\"45\">\n<div class=\"screen-reader-response\"><p role=\"status\" aria-live=\"polite\" aria-atomic=\"true\"><\/p> <ul><\/ul><\/div>\n<form action=\"\/index.php\/wp-json\/wp\/v2\/pages\/9#wpcf7-f45-o1\" method=\"post\" class=\"wpcf7-form init\" aria-label=\"Formulario de contacto\" novalidate=\"novalidate\" data-status=\"init\">\n<fieldset class=\"hidden-fields-container\"><input type=\"hidden\" name=\"_wpcf7\" value=\"45\" \/><input type=\"hidden\" name=\"_wpcf7_version\" value=\"6.1.5\" \/><input type=\"hidden\" name=\"_wpcf7_locale\" value=\"es_ES\" \/><input type=\"hidden\" name=\"_wpcf7_unit_tag\" value=\"wpcf7-f45-o1\" \/><input type=\"hidden\" name=\"_wpcf7_container_post\" value=\"0\" \/><input type=\"hidden\" name=\"_wpcf7_posted_data_hash\" value=\"\" \/>\n<\/fieldset>\n<p><label> Tu nombre<br \/>\n<span class=\"wpcf7-form-control-wrap\" data-name=\"your-name\"><input size=\"40\" maxlength=\"400\" class=\"wpcf7-form-control wpcf7-text wpcf7-validates-as-required\" aria-required=\"true\" aria-invalid=\"false\" value=\"\" type=\"text\" name=\"your-name\" \/><\/span> <\/label>\n<\/p>\n<p><label> Tu correo electr\u00f3nico<br \/>\n<span class=\"wpcf7-form-control-wrap\" data-name=\"your-email\"><input size=\"40\" maxlength=\"400\" class=\"wpcf7-form-control wpcf7-email wpcf7-validates-as-required wpcf7-text wpcf7-validates-as-email\" aria-required=\"true\" aria-invalid=\"false\" value=\"\" type=\"email\" name=\"your-email\" \/><\/span> <\/label>\n<\/p>\n<p><label> Asunto<br \/>\n<span class=\"wpcf7-form-control-wrap\" data-name=\"your-subject\"><input size=\"40\" maxlength=\"400\" class=\"wpcf7-form-control wpcf7-text wpcf7-validates-as-required\" aria-required=\"true\" aria-invalid=\"false\" value=\"\" type=\"text\" name=\"your-subject\" \/><\/span> <\/label>\n<\/p>\n<p><label> Tu mensaje (opcional)<br \/>\n<span class=\"wpcf7-form-control-wrap\" data-name=\"your-message\"><textarea cols=\"40\" rows=\"10\" maxlength=\"2000\" class=\"wpcf7-form-control wpcf7-textarea\" aria-invalid=\"false\" name=\"your-message\"><\/textarea><\/span> <\/label>\n<\/p>\n<p><input class=\"wpcf7-form-control wpcf7-submit has-spinner\" type=\"submit\" value=\"Enviar\" \/>\n<\/p><div class=\"wpcf7-response-output\" aria-hidden=\"true\"><\/div>\n<\/form>\n<\/div>\n<\/div>\n\t\t\t\t\t\t<\/div>\n\t\t\t\t<\/div>\n\t\t\t\t\t<\/div>\n\t\t<\/div>\n\t\t\t\t\t<\/div>\n\t\t<\/section>\n\t\t\t\t<\/div>\n\t\t","protected":false},"excerpt":{"rendered":"<p>PASI\u00d3N QUE SE HEREDA. La marca esta inspirada en la \u00e9poca de oro del cine mexicano (30&#8217;s y 40&#8217;s). Ponte Ching\u00f3n significa \u00abSer el mejor en Algo\u00bb en el slang Mexicano. Tratamos de capturar la esencia de las celebraciones y de las tradiciones oaxaque\u00f1as de los peque\u00f1os pueblos. Este es cl\u00e1sico mezcal espad\u00edn ahumando, con [&hellip;]<\/p>\n","protected":false},"author":1,"featured_media":0,"parent":0,"menu_order":0,"comment_status":"closed","ping_status":"closed","template":"elementor_canvas","meta":{"footnotes":""},"class_list":["post-9","page","type-page","status-publish","hentry"],"_links":{"self":[{"href":"https:\/\/pontechingon.mx\/index.php\/wp-json\/wp\/v2\/pages\/9","targetHints":{"allow":["GET"]}}],"collection":[{"href":"https:\/\/pontechingon.mx\/index.php\/wp-json\/wp\/v2\/pages"}],"about":[{"href":"https:\/\/pontechingon.mx\/index.php\/wp-json\/wp\/v2\/types\/page"}],"author":[{"embeddable":true,"href":"https:\/\/pontechingon.mx\/index.php\/wp-json\/wp\/v2\/users\/1"}],"replies":[{"embeddable":true,"href":"https:\/\/pontechingon.mx\/index.php\/wp-json\/wp\/v2\/comments?post=9"}],"version-history":[{"count":74,"href":"https:\/\/pontechingon.mx\/index.php\/wp-json\/wp\/v2\/pages\/9\/revisions"}],"predecessor-version":[{"id":126,"href":"https:\/\/pontechingon.mx\/index.php\/wp-json\/wp\/v2\/pages\/9\/revisions\/126"}],"wp:attachment":[{"href":"https:\/\/pontechingon.mx\/index.php\/wp-json\/wp\/v2\/media?parent=9"}],"curies":[{"name":"wp","href":"https:\/\/api.w.org\/{rel}","templated":true}]}}